{"id":588,"date":"2024-03-15T10:35:50","date_gmt":"2024-03-15T10:35:50","guid":{"rendered":"https:\/\/zelaimet.rkinformatika.online\/?post_type=product&#038;p=588"},"modified":"2024-03-15T10:35:50","modified_gmt":"2024-03-15T10:35:50","slug":"laton","status":"publish","type":"product","link":"https:\/\/zelaimet.com\/en\/product\/laton\/","title":{"rendered":"Lat\u00f3n"},"content":{"rendered":"<p>El lat\u00f3n, una aleaci\u00f3n de cobre y zinc, es un material vers\u00e1til y duradero ampliamente utilizado en una variedad de aplicaciones industriales y decorativas gracias a su resistencia a la corrosi\u00f3n, maleabilidad y caracter\u00edsticas antimicrobianas.<\/p>","protected":false},"excerpt":{"rendered":"<p>El lat\u00f3n, una aleaci\u00f3n de cobre y zinc, es un material vers\u00e1til y duradero ampliamente utilizado en una variedad de aplicaciones industriales y decorativas gracias a su resistencia a la corrosi\u00f3n, maleabilidad y caracter\u00edsticas antimicrobianas.<\/p>","protected":false},"featured_media":589,"comment_status":"open","ping_status":"closed","template":"","meta":[],"product_brand":[],"product_cat":[25],"product_tag":[],"class_list":{"0":"post-588","1":"product","2":"type-product","3":"status-publish","4":"has-post-thumbnail","6":"product_cat-chatarra","8":"first","9":"instock","10":"shipping-taxable","11":"product-type-simple"},"yoast_head":"<!-- This site is optimized with the Yoast SEO plugin v27.4 - https:\/\/yoast.com\/product\/yoast-seo-wordpress\/ -->\n<title>Lat\u00f3n - Zelaimet SL<\/title>\n<meta name=\"robots\" content=\"noindex, follow, max-snippet:-1, max-image-preview:large, max-video-preview:-1\" \/>\n<meta property=\"og:locale\" content=\"en_GB\" \/>\n<meta property=\"og:type\" content=\"article\" \/>\n<meta property=\"og:title\" content=\"Lat\u00f3n - Zelaimet SL\" \/>\n<meta property=\"og:description\" content=\"El lat\u00f3n, una aleaci\u00f3n de cobre y zinc, es un material vers\u00e1til y duradero ampliamente utilizado en una variedad de aplicaciones industriales y decorativas gracias a su resistencia a la corrosi\u00f3n, maleabilidad y caracter\u00edsticas antimicrobianas.\" \/>\n<meta property=\"og:url\" content=\"https:\/\/zelaimet.com\/en\/product\/laton\/\" \/>\n<meta property=\"og:site_name\" content=\"Zelaimet SL\" \/>\n<meta property=\"og:image\" content=\"https:\/\/zelaimet.com\/wp-content\/uploads\/2024\/03\/brass-turnings-scrap-for-recycling-close-up-.jpg\" \/>\n\t<meta property=\"og:image:width\" content=\"2000\" \/>\n\t<meta property=\"og:image:height\" content=\"1500\" \/>\n\t<meta property=\"og:image:type\" content=\"image\/jpeg\" \/>\n<meta name=\"twitter:card\" content=\"summary_large_image\" \/>\n<meta name=\"twitter:label1\" content=\"Estimated reading time\" \/>\n\t<meta name=\"twitter:data1\" content=\"1 minute\" \/>\n<script type=\"application\/ld+json\" class=\"yoast-schema-graph\">{\"@context\":\"https:\\\/\\\/schema.org\",\"@graph\":[{\"@type\":\"WebPage\",\"@id\":\"https:\\\/\\\/zelaimet.com\\\/producto\\\/laton\\\/\",\"url\":\"https:\\\/\\\/zelaimet.com\\\/producto\\\/laton\\\/\",\"name\":\"Lat\u00f3n - Zelaimet SL\",\"isPartOf\":{\"@id\":\"https:\\\/\\\/zelaimet.com\\\/#website\"},\"primaryImageOfPage\":{\"@id\":\"https:\\\/\\\/zelaimet.com\\\/producto\\\/laton\\\/#primaryimage\"},\"image\":{\"@id\":\"https:\\\/\\\/zelaimet.com\\\/producto\\\/laton\\\/#primaryimage\"},\"thumbnailUrl\":\"https:\\\/\\\/zelaimet.com\\\/wp-content\\\/uploads\\\/2024\\\/03\\\/brass-turnings-scrap-for-recycling-close-up-.jpg\",\"datePublished\":\"2024-03-15T10:35:50+00:00\",\"breadcrumb\":{\"@id\":\"https:\\\/\\\/zelaimet.com\\\/producto\\\/laton\\\/#breadcrumb\"},\"inLanguage\":\"en-GB\",\"potentialAction\":[{\"@type\":\"ReadAction\",\"target\":[\"https:\\\/\\\/zelaimet.com\\\/producto\\\/laton\\\/\"]}]},{\"@type\":\"ImageObject\",\"inLanguage\":\"en-GB\",\"@id\":\"https:\\\/\\\/zelaimet.com\\\/producto\\\/laton\\\/#primaryimage\",\"url\":\"https:\\\/\\\/zelaimet.com\\\/wp-content\\\/uploads\\\/2024\\\/03\\\/brass-turnings-scrap-for-recycling-close-up-.jpg\",\"contentUrl\":\"https:\\\/\\\/zelaimet.com\\\/wp-content\\\/uploads\\\/2024\\\/03\\\/brass-turnings-scrap-for-recycling-close-up-.jpg\",\"width\":2000,\"height\":1500,\"caption\":\"Brass turnings scrap for recycling, close up.\"},{\"@type\":\"BreadcrumbList\",\"@id\":\"https:\\\/\\\/zelaimet.com\\\/producto\\\/laton\\\/#breadcrumb\",\"itemListElement\":[{\"@type\":\"ListItem\",\"position\":1,\"name\":\"Portada\",\"item\":\"https:\\\/\\\/zelaimet.com\\\/\"},{\"@type\":\"ListItem\",\"position\":2,\"name\":\"Tienda\",\"item\":\"https:\\\/\\\/zelaimet.com\\\/tienda\\\/\"},{\"@type\":\"ListItem\",\"position\":3,\"name\":\"Lat\u00f3n\"}]},{\"@type\":\"WebSite\",\"@id\":\"https:\\\/\\\/zelaimet.com\\\/#website\",\"url\":\"https:\\\/\\\/zelaimet.com\\\/\",\"name\":\"Zelaimet SL\",\"description\":\"\",\"publisher\":{\"@id\":\"https:\\\/\\\/zelaimet.com\\\/#organization\"},\"potentialAction\":[{\"@type\":\"SearchAction\",\"target\":{\"@type\":\"EntryPoint\",\"urlTemplate\":\"https:\\\/\\\/zelaimet.com\\\/?s={search_term_string}\"},\"query-input\":{\"@type\":\"PropertyValueSpecification\",\"valueRequired\":true,\"valueName\":\"search_term_string\"}}],\"inLanguage\":\"en-GB\"},{\"@type\":\"Organization\",\"@id\":\"https:\\\/\\\/zelaimet.com\\\/#organization\",\"name\":\"Zelaimet SL\",\"url\":\"https:\\\/\\\/zelaimet.com\\\/\",\"logo\":{\"@type\":\"ImageObject\",\"inLanguage\":\"en-GB\",\"@id\":\"https:\\\/\\\/zelaimet.com\\\/#\\\/schema\\\/logo\\\/image\\\/\",\"url\":\"https:\\\/\\\/zelaimet.com\\\/wp-content\\\/uploads\\\/2024\\\/01\\\/cropped-zelaimet-logo.png\",\"contentUrl\":\"https:\\\/\\\/zelaimet.com\\\/wp-content\\\/uploads\\\/2024\\\/01\\\/cropped-zelaimet-logo.png\",\"width\":500,\"height\":276,\"caption\":\"Zelaimet SL\"},\"image\":{\"@id\":\"https:\\\/\\\/zelaimet.com\\\/#\\\/schema\\\/logo\\\/image\\\/\"}}]}<\/script>\n<!-- \/ Yoast SEO plugin. -->","yoast_head_json":{"title":"Lat\u00f3n - Zelaimet SL","robots":{"index":"noindex","follow":"follow","max-snippet":"max-snippet:-1","max-image-preview":"max-image-preview:large","max-video-preview":"max-video-preview:-1"},"og_locale":"en_GB","og_type":"article","og_title":"Lat\u00f3n - Zelaimet SL","og_description":"El lat\u00f3n, una aleaci\u00f3n de cobre y zinc, es un material vers\u00e1til y duradero ampliamente utilizado en una variedad de aplicaciones industriales y decorativas gracias a su resistencia a la corrosi\u00f3n, maleabilidad y caracter\u00edsticas antimicrobianas.","og_url":"https:\/\/zelaimet.com\/en\/product\/laton\/","og_site_name":"Zelaimet SL","og_image":[{"width":2000,"height":1500,"url":"https:\/\/zelaimet.com\/wp-content\/uploads\/2024\/03\/brass-turnings-scrap-for-recycling-close-up-.jpg","type":"image\/jpeg"}],"twitter_card":"summary_large_image","twitter_misc":{"Estimated reading time":"1 minute"},"schema":{"@context":"https:\/\/schema.org","@graph":[{"@type":"WebPage","@id":"https:\/\/zelaimet.com\/producto\/laton\/","url":"https:\/\/zelaimet.com\/producto\/laton\/","name":"Lat\u00f3n - Zelaimet SL","isPartOf":{"@id":"https:\/\/zelaimet.com\/#website"},"primaryImageOfPage":{"@id":"https:\/\/zelaimet.com\/producto\/laton\/#primaryimage"},"image":{"@id":"https:\/\/zelaimet.com\/producto\/laton\/#primaryimage"},"thumbnailUrl":"https:\/\/zelaimet.com\/wp-content\/uploads\/2024\/03\/brass-turnings-scrap-for-recycling-close-up-.jpg","datePublished":"2024-03-15T10:35:50+00:00","breadcrumb":{"@id":"https:\/\/zelaimet.com\/producto\/laton\/#breadcrumb"},"inLanguage":"en-GB","potentialAction":[{"@type":"ReadAction","target":["https:\/\/zelaimet.com\/producto\/laton\/"]}]},{"@type":"ImageObject","inLanguage":"en-GB","@id":"https:\/\/zelaimet.com\/producto\/laton\/#primaryimage","url":"https:\/\/zelaimet.com\/wp-content\/uploads\/2024\/03\/brass-turnings-scrap-for-recycling-close-up-.jpg","contentUrl":"https:\/\/zelaimet.com\/wp-content\/uploads\/2024\/03\/brass-turnings-scrap-for-recycling-close-up-.jpg","width":2000,"height":1500,"caption":"Brass turnings scrap for recycling, close up."},{"@type":"BreadcrumbList","@id":"https:\/\/zelaimet.com\/producto\/laton\/#breadcrumb","itemListElement":[{"@type":"ListItem","position":1,"name":"Portada","item":"https:\/\/zelaimet.com\/"},{"@type":"ListItem","position":2,"name":"Tienda","item":"https:\/\/zelaimet.com\/tienda\/"},{"@type":"ListItem","position":3,"name":"Lat\u00f3n"}]},{"@type":"WebSite","@id":"https:\/\/zelaimet.com\/#website","url":"https:\/\/zelaimet.com\/","name":"Zelaimet SL","description":"","publisher":{"@id":"https:\/\/zelaimet.com\/#organization"},"potentialAction":[{"@type":"SearchAction","target":{"@type":"EntryPoint","urlTemplate":"https:\/\/zelaimet.com\/?s={search_term_string}"},"query-input":{"@type":"PropertyValueSpecification","valueRequired":true,"valueName":"search_term_string"}}],"inLanguage":"en-GB"},{"@type":"Organization","@id":"https:\/\/zelaimet.com\/#organization","name":"Zelaimet SL","url":"https:\/\/zelaimet.com\/","logo":{"@type":"ImageObject","inLanguage":"en-GB","@id":"https:\/\/zelaimet.com\/#\/schema\/logo\/image\/","url":"https:\/\/zelaimet.com\/wp-content\/uploads\/2024\/01\/cropped-zelaimet-logo.png","contentUrl":"https:\/\/zelaimet.com\/wp-content\/uploads\/2024\/01\/cropped-zelaimet-logo.png","width":500,"height":276,"caption":"Zelaimet SL"},"image":{"@id":"https:\/\/zelaimet.com\/#\/schema\/logo\/image\/"}}]}},"_links":{"self":[{"href":"https:\/\/zelaimet.com\/en\/wp-json\/wp\/v2\/product\/588","targetHints":{"allow":["GET"]}}],"collection":[{"href":"https:\/\/zelaimet.com\/en\/wp-json\/wp\/v2\/product"}],"about":[{"href":"https:\/\/zelaimet.com\/en\/wp-json\/wp\/v2\/types\/product"}],"replies":[{"embeddable":true,"href":"https:\/\/zelaimet.com\/en\/wp-json\/wp\/v2\/comments?post=588"}],"wp:featuredmedia":[{"embeddable":true,"href":"https:\/\/zelaimet.com\/en\/wp-json\/wp\/v2\/media\/589"}],"wp:attachment":[{"href":"https:\/\/zelaimet.com\/en\/wp-json\/wp\/v2\/media?parent=588"}],"wp:term":[{"taxonomy":"product_brand","embeddable":true,"href":"https:\/\/zelaimet.com\/en\/wp-json\/wp\/v2\/product_brand?post=588"},{"taxonomy":"product_cat","embeddable":true,"href":"https:\/\/zelaimet.com\/en\/wp-json\/wp\/v2\/product_cat?post=588"},{"taxonomy":"product_tag","embeddable":true,"href":"https:\/\/zelaimet.com\/en\/wp-json\/wp\/v2\/product_tag?post=588"}],"curies":[{"name":"wp","href":"https:\/\/api.w.org\/{rel}","templated":true}]}}