{"id":444,"date":"2024-03-13T11:45:29","date_gmt":"2024-03-13T11:45:29","guid":{"rendered":"https:\/\/zelaimet.rkinformatika.online\/?page_id=444"},"modified":"2024-03-15T13:00:40","modified_gmt":"2024-03-15T13:00:40","slug":"productos-y-servicios","status":"publish","type":"page","link":"https:\/\/zelaimet.com\/en\/productos-y-servicios\/","title":{"rendered":"Productos y Servicios"},"content":{"rendered":"<div data-elementor-type=\"wp-page\" data-elementor-id=\"444\" class=\"elementor elementor-444\" data-elementor-post-type=\"page\">\n\t\t\t\t\t\t<section class=\"elementor-section elementor-top-section elementor-element elementor-element-1e783954 elementor-section-boxed elementor-section-height-default elementor-section-height-default elementor-invisible\" data-id=\"1e783954\" data-element_type=\"section\" data-e-type=\"section\" data-settings=\"{&quot;background_background&quot;:&quot;classic&quot;,&quot;animation&quot;:&quot;fadeIn&quot;}\">\n\t\t\t\t\t\t\t<div class=\"elementor-background-overlay\"><\/div>\n\t\t\t\t\t\t\t<div class=\"elementor-container elementor-column-gap-default\">\n\t\t\t\t\t<div class=\"elementor-column elementor-col-100 elementor-top-column elementor-element elementor-element-69b67fb3\" data-id=\"69b67fb3\" data-element_type=\"column\" data-e-type=\"column\">\n\t\t\t<div class=\"elementor-widget-wrap elementor-element-populated\">\n\t\t\t\t\t\t\t<\/div>\n\t\t<\/div>\n\t\t\t\t\t<\/div>\n\t\t<\/section>\n\t\t<div class=\"elementor-element elementor-element-a41502e e-flex e-con-boxed e-con e-parent\" data-id=\"a41502e\" data-element_type=\"container\" data-e-type=\"container\" data-settings=\"{&quot;background_background&quot;:&quot;classic&quot;}\">\n\t\t\t\t\t<div class=\"e-con-inner\">\n\t\t\t\t<div class=\"elementor-element elementor-element-81b39d9 elementor-invisible elementor-widget elementor-widget-text-editor\" data-id=\"81b39d9\" data-element_type=\"widget\" data-e-type=\"widget\" data-settings=\"{&quot;_animation&quot;:&quot;fadeInUp&quot;}\" data-widget_type=\"text-editor.default\">\n\t\t\t\t<div class=\"elementor-widget-container\">\n\t\t\t\t\t\t\t\t\t<p>En Zelaimet, disponemos de una amplia selecci\u00f3n de productos y servicios, cuidadosamente clasificados por categor\u00edas y sectores de aplicaci\u00f3n para su comodidad. Le invitamos a explorar nuestro cat\u00e1logo completo a trav\u00e9s de los enlaces disponibles en nuestra secci\u00f3n de productos. Si busca informaci\u00f3n m\u00e1s detallada o tiene consultas espec\u00edficas, por favor, dir\u00edjase a nuestra secci\u00f3n de \u00abContacto\u00bb, donde estaremos encantados de atender sus necesidades particulares y proporcionarle asistencia personalizada.<\/p>\t\t\t\t\t\t\t\t<\/div>\n\t\t\t\t<\/div>\n\t\t\t\t\t<\/div>\n\t\t\t\t<\/div>\n\t\t<div class=\"elementor-element elementor-element-26ac6dc e-flex e-con-boxed e-con e-parent\" data-id=\"26ac6dc\" data-element_type=\"container\" data-e-type=\"container\" data-settings=\"{&quot;background_background&quot;:&quot;classic&quot;}\">\n\t\t\t\t\t<div class=\"e-con-inner\">\n\t\t<div class=\"elementor-element elementor-element-8bc25b4 e-con-full e-flex e-con e-child\" data-id=\"8bc25b4\" data-element_type=\"container\" data-e-type=\"container\">\n\t\t\t\t<div class=\"elementor-element elementor-element-8f8b466 elementor-widget elementor-widget-image\" data-id=\"8f8b466\" data-element_type=\"widget\" data-e-type=\"widget\" data-widget_type=\"image.default\">\n\t\t\t\t<div class=\"elementor-widget-container\">\n\t\t\t\t\t\t\t\t\t\t\t\t\t\t\t\t<a href=\"https:\/\/zelaimet.com\/en\/product-category\/metales\/\">\n\t\t\t\t\t\t\t<img fetchpriority=\"high\" decoding=\"async\" width=\"2000\" height=\"1333\" src=\"https:\/\/zelaimet.com\/wp-content\/uploads\/2024\/01\/piece-of-raw-polycrystalline-silicon-on-wood.jpg\" class=\"elementor-animation-float attachment-full size-full wp-image-125\" alt=\"Piece of raw polycrystalline silicon on wood\" srcset=\"https:\/\/zelaimet.com\/wp-content\/uploads\/2024\/01\/piece-of-raw-polycrystalline-silicon-on-wood.jpg 2000w, https:\/\/zelaimet.com\/wp-content\/uploads\/2024\/01\/piece-of-raw-polycrystalline-silicon-on-wood-300x200.jpg 300w, https:\/\/zelaimet.com\/wp-content\/uploads\/2024\/01\/piece-of-raw-polycrystalline-silicon-on-wood-1024x682.jpg 1024w, https:\/\/zelaimet.com\/wp-content\/uploads\/2024\/01\/piece-of-raw-polycrystalline-silicon-on-wood-768x512.jpg 768w, https:\/\/zelaimet.com\/wp-content\/uploads\/2024\/01\/piece-of-raw-polycrystalline-silicon-on-wood-1536x1024.jpg 1536w, https:\/\/zelaimet.com\/wp-content\/uploads\/2024\/01\/piece-of-raw-polycrystalline-silicon-on-wood-18x12.jpg 18w\" sizes=\"(max-width: 2000px) 100vw, 2000px\" \/>\t\t\t\t\t\t\t\t<\/a>\n\t\t\t\t\t\t\t\t\t\t\t\t\t\t\t<\/div>\n\t\t\t\t<\/div>\n\t\t\t\t<div class=\"elementor-element elementor-element-6652341 elementor-widget elementor-widget-heading\" data-id=\"6652341\" data-element_type=\"widget\" data-e-type=\"widget\" data-widget_type=\"heading.default\">\n\t\t\t\t<div class=\"elementor-widget-container\">\n\t\t\t\t\t<h2 class=\"elementor-heading-title elementor-size-default\"><a href=\"https:\/\/zelaimet.com\/en\/product-category\/metales\/\">Metal<\/a><\/h2>\t\t\t\t<\/div>\n\t\t\t\t<\/div>\n\t\t\t\t<\/div>\n\t\t<div class=\"elementor-element elementor-element-98e3166 e-con-full e-flex e-con e-child\" data-id=\"98e3166\" data-element_type=\"container\" data-e-type=\"container\">\n\t\t\t\t<div class=\"elementor-element elementor-element-e5966a6 elementor-widget elementor-widget-image\" data-id=\"e5966a6\" data-element_type=\"widget\" data-e-type=\"widget\" data-widget_type=\"image.default\">\n\t\t\t\t<div class=\"elementor-widget-container\">\n\t\t\t\t\t\t\t\t\t\t\t\t\t\t\t\t<a href=\"https:\/\/zelaimet.com\/en\/product-category\/plasticos\/\">\n\t\t\t\t\t\t\t<img decoding=\"async\" width=\"2000\" height=\"1335\" src=\"https:\/\/zelaimet.com\/wp-content\/uploads\/2024\/03\/industrial-white-plastic-beads-granules-on-black-background-.jpg\" class=\"elementor-animation-float attachment-full size-full wp-image-526\" alt=\"Industrial white plastic beads, granules on black background.\" srcset=\"https:\/\/zelaimet.com\/wp-content\/uploads\/2024\/03\/industrial-white-plastic-beads-granules-on-black-background-.jpg 2000w, https:\/\/zelaimet.com\/wp-content\/uploads\/2024\/03\/industrial-white-plastic-beads-granules-on-black-background--600x401.jpg 600w, https:\/\/zelaimet.com\/wp-content\/uploads\/2024\/03\/industrial-white-plastic-beads-granules-on-black-background--300x200.jpg 300w, https:\/\/zelaimet.com\/wp-content\/uploads\/2024\/03\/industrial-white-plastic-beads-granules-on-black-background--1024x684.jpg 1024w, https:\/\/zelaimet.com\/wp-content\/uploads\/2024\/03\/industrial-white-plastic-beads-granules-on-black-background--768x513.jpg 768w, https:\/\/zelaimet.com\/wp-content\/uploads\/2024\/03\/industrial-white-plastic-beads-granules-on-black-background--1536x1025.jpg 1536w, https:\/\/zelaimet.com\/wp-content\/uploads\/2024\/03\/industrial-white-plastic-beads-granules-on-black-background--18x12.jpg 18w\" sizes=\"(max-width: 2000px) 100vw, 2000px\" \/>\t\t\t\t\t\t\t\t<\/a>\n\t\t\t\t\t\t\t\t\t\t\t\t\t\t\t<\/div>\n\t\t\t\t<\/div>\n\t\t\t\t<div class=\"elementor-element elementor-element-4db6795 elementor-widget elementor-widget-heading\" data-id=\"4db6795\" data-element_type=\"widget\" data-e-type=\"widget\" data-widget_type=\"heading.default\">\n\t\t\t\t<div class=\"elementor-widget-container\">\n\t\t\t\t\t<h2 class=\"elementor-heading-title elementor-size-default\"><a href=\"https:\/\/zelaimet.com\/en\/product-category\/plasticos\/\">Pl\u00e1stico<\/a><\/h2>\t\t\t\t<\/div>\n\t\t\t\t<\/div>\n\t\t\t\t<\/div>\n\t\t<div class=\"elementor-element elementor-element-a544af6 e-con-full e-flex e-con e-child\" data-id=\"a544af6\" data-element_type=\"container\" data-e-type=\"container\">\n\t\t\t\t<div class=\"elementor-element elementor-element-ed42175 elementor-widget elementor-widget-image\" data-id=\"ed42175\" data-element_type=\"widget\" data-e-type=\"widget\" data-widget_type=\"image.default\">\n\t\t\t\t<div class=\"elementor-widget-container\">\n\t\t\t\t\t\t\t\t\t\t\t\t\t\t\t\t<a href=\"https:\/\/zelaimet.com\/en\/product-category\/municion\/\">\n\t\t\t\t\t\t\t<img decoding=\"async\" width=\"2000\" height=\"1333\" src=\"https:\/\/zelaimet.com\/wp-content\/uploads\/2024\/03\/handgun-ammunitions-on-white.jpg\" class=\"elementor-animation-float attachment-full size-full wp-image-543\" alt=\"Handgun ammunitions on white\" srcset=\"https:\/\/zelaimet.com\/wp-content\/uploads\/2024\/03\/handgun-ammunitions-on-white.jpg 2000w, https:\/\/zelaimet.com\/wp-content\/uploads\/2024\/03\/handgun-ammunitions-on-white-600x400.jpg 600w, https:\/\/zelaimet.com\/wp-content\/uploads\/2024\/03\/handgun-ammunitions-on-white-300x200.jpg 300w, https:\/\/zelaimet.com\/wp-content\/uploads\/2024\/03\/handgun-ammunitions-on-white-1024x682.jpg 1024w, https:\/\/zelaimet.com\/wp-content\/uploads\/2024\/03\/handgun-ammunitions-on-white-768x512.jpg 768w, https:\/\/zelaimet.com\/wp-content\/uploads\/2024\/03\/handgun-ammunitions-on-white-1536x1024.jpg 1536w, https:\/\/zelaimet.com\/wp-content\/uploads\/2024\/03\/handgun-ammunitions-on-white-18x12.jpg 18w\" sizes=\"(max-width: 2000px) 100vw, 2000px\" \/>\t\t\t\t\t\t\t\t<\/a>\n\t\t\t\t\t\t\t\t\t\t\t\t\t\t\t<\/div>\n\t\t\t\t<\/div>\n\t\t\t\t<div class=\"elementor-element elementor-element-9803bfc elementor-widget elementor-widget-heading\" data-id=\"9803bfc\" data-element_type=\"widget\" data-e-type=\"widget\" data-widget_type=\"heading.default\">\n\t\t\t\t<div class=\"elementor-widget-container\">\n\t\t\t\t\t<h2 class=\"elementor-heading-title elementor-size-default\"><a href=\"https:\/\/zelaimet.com\/en\/product-category\/municion\/\">Munici\u00f3n<\/a><\/h2>\t\t\t\t<\/div>\n\t\t\t\t<\/div>\n\t\t\t\t<\/div>\n\t\t<div class=\"elementor-element elementor-element-58d090c e-con-full e-flex e-con e-child\" data-id=\"58d090c\" data-element_type=\"container\" data-e-type=\"container\">\n\t\t\t\t<div class=\"elementor-element elementor-element-66f1566 elementor-widget elementor-widget-image\" data-id=\"66f1566\" data-element_type=\"widget\" data-e-type=\"widget\" data-widget_type=\"image.default\">\n\t\t\t\t<div class=\"elementor-widget-container\">\n\t\t\t\t\t\t\t\t\t\t\t\t\t\t\t\t<a href=\"https:\/\/zelaimet.com\/en\/product-category\/chatarra\/\">\n\t\t\t\t\t\t\t<img loading=\"lazy\" decoding=\"async\" width=\"2000\" height=\"1333\" src=\"https:\/\/zelaimet.com\/wp-content\/uploads\/2024\/03\/scrap-metal.jpg\" class=\"elementor-animation-float attachment-full size-full wp-image-545\" alt=\"scrap metal\" srcset=\"https:\/\/zelaimet.com\/wp-content\/uploads\/2024\/03\/scrap-metal.jpg 2000w, https:\/\/zelaimet.com\/wp-content\/uploads\/2024\/03\/scrap-metal-600x400.jpg 600w, https:\/\/zelaimet.com\/wp-content\/uploads\/2024\/03\/scrap-metal-300x200.jpg 300w, https:\/\/zelaimet.com\/wp-content\/uploads\/2024\/03\/scrap-metal-1024x682.jpg 1024w, https:\/\/zelaimet.com\/wp-content\/uploads\/2024\/03\/scrap-metal-768x512.jpg 768w, https:\/\/zelaimet.com\/wp-content\/uploads\/2024\/03\/scrap-metal-1536x1024.jpg 1536w, https:\/\/zelaimet.com\/wp-content\/uploads\/2024\/03\/scrap-metal-18x12.jpg 18w\" sizes=\"(max-width: 2000px) 100vw, 2000px\" \/>\t\t\t\t\t\t\t\t<\/a>\n\t\t\t\t\t\t\t\t\t\t\t\t\t\t\t<\/div>\n\t\t\t\t<\/div>\n\t\t\t\t<div class=\"elementor-element elementor-element-834443c elementor-widget elementor-widget-heading\" data-id=\"834443c\" data-element_type=\"widget\" data-e-type=\"widget\" data-widget_type=\"heading.default\">\n\t\t\t\t<div class=\"elementor-widget-container\">\n\t\t\t\t\t<h2 class=\"elementor-heading-title elementor-size-default\"><a href=\"https:\/\/zelaimet.com\/en\/product-category\/chatarra\/\">Chatarra<\/a><\/h2>\t\t\t\t<\/div>\n\t\t\t\t<\/div>\n\t\t\t\t<\/div>\n\t\t\t\t\t<\/div>\n\t\t\t\t<\/div>\n\t\t\t\t<\/div>","protected":false},"excerpt":{"rendered":"<p>En Zelaimet, disponemos de una amplia selecci\u00f3n de productos y servicios, cuidadosamente clasificados por categor\u00edas y sectores de aplicaci\u00f3n para su comodidad. Le invitamos a explorar nuestro cat\u00e1logo completo a trav\u00e9s de los enlaces disponibles en nuestra secci\u00f3n de productos. Si busca informaci\u00f3n m\u00e1s detallada o tiene consultas espec\u00edficas, por favor, dir\u00edjase a nuestra secci\u00f3n [&hellip;]<\/p>\n","protected":false},"author":1,"featured_media":0,"parent":0,"menu_order":0,"comment_status":"closed","ping_status":"closed","template":"elementor_canvas","meta":{"footnotes":""},"class_list":["post-444","page","type-page","status-publish","hentry"],"yoast_head":"<!-- This site is optimized with the Yoast SEO plugin v27.4 - https:\/\/yoast.com\/product\/yoast-seo-wordpress\/ -->\n<title>Productos y Servicios - Zelaimet SL<\/title>\n<meta name=\"robots\" content=\"noindex, follow, max-snippet:-1, max-image-preview:large, max-video-preview:-1\" \/>\n<meta property=\"og:locale\" content=\"en_GB\" \/>\n<meta property=\"og:type\" content=\"article\" \/>\n<meta property=\"og:title\" content=\"Productos y Servicios - Zelaimet SL\" \/>\n<meta property=\"og:description\" content=\"En Zelaimet, disponemos de una amplia selecci\u00f3n de productos y servicios, cuidadosamente clasificados por categor\u00edas y sectores de aplicaci\u00f3n para su comodidad. Le invitamos a explorar nuestro cat\u00e1logo completo a trav\u00e9s de los enlaces disponibles en nuestra secci\u00f3n de productos. Si busca informaci\u00f3n m\u00e1s detallada o tiene consultas espec\u00edficas, por favor, dir\u00edjase a nuestra secci\u00f3n [&hellip;]\" \/>\n<meta property=\"og:url\" content=\"https:\/\/zelaimet.com\/en\/productos-y-servicios\/\" \/>\n<meta property=\"og:site_name\" content=\"Zelaimet SL\" \/>\n<meta property=\"article:modified_time\" content=\"2024-03-15T13:00:40+00:00\" \/>\n<meta property=\"og:image\" content=\"https:\/\/zelaimet.com\/wp-content\/uploads\/2024\/01\/piece-of-raw-polycrystalline-silicon-on-wood.jpg\" \/>\n<meta name=\"twitter:card\" content=\"summary_large_image\" \/>\n<meta name=\"twitter:label1\" content=\"Estimated reading time\" \/>\n\t<meta name=\"twitter:data1\" content=\"2 minutes\" \/>\n<script type=\"application\/ld+json\" class=\"yoast-schema-graph\">{\"@context\":\"https:\\\/\\\/schema.org\",\"@graph\":[{\"@type\":\"WebPage\",\"@id\":\"https:\\\/\\\/zelaimet.com\\\/productos-y-servicios\\\/\",\"url\":\"https:\\\/\\\/zelaimet.com\\\/productos-y-servicios\\\/\",\"name\":\"Productos y Servicios - Zelaimet SL\",\"isPartOf\":{\"@id\":\"https:\\\/\\\/zelaimet.com\\\/#website\"},\"primaryImageOfPage\":{\"@id\":\"https:\\\/\\\/zelaimet.com\\\/productos-y-servicios\\\/#primaryimage\"},\"image\":{\"@id\":\"https:\\\/\\\/zelaimet.com\\\/productos-y-servicios\\\/#primaryimage\"},\"thumbnailUrl\":\"https:\\\/\\\/zelaimet.com\\\/wp-content\\\/uploads\\\/2024\\\/01\\\/piece-of-raw-polycrystalline-silicon-on-wood.jpg\",\"datePublished\":\"2024-03-13T11:45:29+00:00\",\"dateModified\":\"2024-03-15T13:00:40+00:00\",\"breadcrumb\":{\"@id\":\"https:\\\/\\\/zelaimet.com\\\/productos-y-servicios\\\/#breadcrumb\"},\"inLanguage\":\"en-GB\",\"potentialAction\":[{\"@type\":\"ReadAction\",\"target\":[\"https:\\\/\\\/zelaimet.com\\\/productos-y-servicios\\\/\"]}]},{\"@type\":\"ImageObject\",\"inLanguage\":\"en-GB\",\"@id\":\"https:\\\/\\\/zelaimet.com\\\/productos-y-servicios\\\/#primaryimage\",\"url\":\"https:\\\/\\\/zelaimet.com\\\/wp-content\\\/uploads\\\/2024\\\/01\\\/piece-of-raw-polycrystalline-silicon-on-wood.jpg\",\"contentUrl\":\"https:\\\/\\\/zelaimet.com\\\/wp-content\\\/uploads\\\/2024\\\/01\\\/piece-of-raw-polycrystalline-silicon-on-wood.jpg\"},{\"@type\":\"BreadcrumbList\",\"@id\":\"https:\\\/\\\/zelaimet.com\\\/productos-y-servicios\\\/#breadcrumb\",\"itemListElement\":[{\"@type\":\"ListItem\",\"position\":1,\"name\":\"Portada\",\"item\":\"https:\\\/\\\/zelaimet.com\\\/\"},{\"@type\":\"ListItem\",\"position\":2,\"name\":\"Productos y Servicios\"}]},{\"@type\":\"WebSite\",\"@id\":\"https:\\\/\\\/zelaimet.com\\\/#website\",\"url\":\"https:\\\/\\\/zelaimet.com\\\/\",\"name\":\"Zelaimet SL\",\"description\":\"\",\"publisher\":{\"@id\":\"https:\\\/\\\/zelaimet.com\\\/#organization\"},\"potentialAction\":[{\"@type\":\"SearchAction\",\"target\":{\"@type\":\"EntryPoint\",\"urlTemplate\":\"https:\\\/\\\/zelaimet.com\\\/?s={search_term_string}\"},\"query-input\":{\"@type\":\"PropertyValueSpecification\",\"valueRequired\":true,\"valueName\":\"search_term_string\"}}],\"inLanguage\":\"en-GB\"},{\"@type\":\"Organization\",\"@id\":\"https:\\\/\\\/zelaimet.com\\\/#organization\",\"name\":\"Zelaimet SL\",\"url\":\"https:\\\/\\\/zelaimet.com\\\/\",\"logo\":{\"@type\":\"ImageObject\",\"inLanguage\":\"en-GB\",\"@id\":\"https:\\\/\\\/zelaimet.com\\\/#\\\/schema\\\/logo\\\/image\\\/\",\"url\":\"https:\\\/\\\/zelaimet.com\\\/wp-content\\\/uploads\\\/2024\\\/01\\\/cropped-zelaimet-logo.png\",\"contentUrl\":\"https:\\\/\\\/zelaimet.com\\\/wp-content\\\/uploads\\\/2024\\\/01\\\/cropped-zelaimet-logo.png\",\"width\":500,\"height\":276,\"caption\":\"Zelaimet SL\"},\"image\":{\"@id\":\"https:\\\/\\\/zelaimet.com\\\/#\\\/schema\\\/logo\\\/image\\\/\"}}]}<\/script>\n<!-- \/ Yoast SEO plugin. -->","yoast_head_json":{"title":"Productos y Servicios - Zelaimet SL","robots":{"index":"noindex","follow":"follow","max-snippet":"max-snippet:-1","max-image-preview":"max-image-preview:large","max-video-preview":"max-video-preview:-1"},"og_locale":"en_GB","og_type":"article","og_title":"Productos y Servicios - Zelaimet SL","og_description":"En Zelaimet, disponemos de una amplia selecci\u00f3n de productos y servicios, cuidadosamente clasificados por categor\u00edas y sectores de aplicaci\u00f3n para su comodidad. Le invitamos a explorar nuestro cat\u00e1logo completo a trav\u00e9s de los enlaces disponibles en nuestra secci\u00f3n de productos. Si busca informaci\u00f3n m\u00e1s detallada o tiene consultas espec\u00edficas, por favor, dir\u00edjase a nuestra secci\u00f3n [&hellip;]","og_url":"https:\/\/zelaimet.com\/en\/productos-y-servicios\/","og_site_name":"Zelaimet SL","article_modified_time":"2024-03-15T13:00:40+00:00","og_image":[{"url":"https:\/\/zelaimet.com\/wp-content\/uploads\/2024\/01\/piece-of-raw-polycrystalline-silicon-on-wood.jpg","type":"","width":"","height":""}],"twitter_card":"summary_large_image","twitter_misc":{"Estimated reading time":"2 minutes"},"schema":{"@context":"https:\/\/schema.org","@graph":[{"@type":"WebPage","@id":"https:\/\/zelaimet.com\/productos-y-servicios\/","url":"https:\/\/zelaimet.com\/productos-y-servicios\/","name":"Productos y Servicios - Zelaimet SL","isPartOf":{"@id":"https:\/\/zelaimet.com\/#website"},"primaryImageOfPage":{"@id":"https:\/\/zelaimet.com\/productos-y-servicios\/#primaryimage"},"image":{"@id":"https:\/\/zelaimet.com\/productos-y-servicios\/#primaryimage"},"thumbnailUrl":"https:\/\/zelaimet.com\/wp-content\/uploads\/2024\/01\/piece-of-raw-polycrystalline-silicon-on-wood.jpg","datePublished":"2024-03-13T11:45:29+00:00","dateModified":"2024-03-15T13:00:40+00:00","breadcrumb":{"@id":"https:\/\/zelaimet.com\/productos-y-servicios\/#breadcrumb"},"inLanguage":"en-GB","potentialAction":[{"@type":"ReadAction","target":["https:\/\/zelaimet.com\/productos-y-servicios\/"]}]},{"@type":"ImageObject","inLanguage":"en-GB","@id":"https:\/\/zelaimet.com\/productos-y-servicios\/#primaryimage","url":"https:\/\/zelaimet.com\/wp-content\/uploads\/2024\/01\/piece-of-raw-polycrystalline-silicon-on-wood.jpg","contentUrl":"https:\/\/zelaimet.com\/wp-content\/uploads\/2024\/01\/piece-of-raw-polycrystalline-silicon-on-wood.jpg"},{"@type":"BreadcrumbList","@id":"https:\/\/zelaimet.com\/productos-y-servicios\/#breadcrumb","itemListElement":[{"@type":"ListItem","position":1,"name":"Portada","item":"https:\/\/zelaimet.com\/"},{"@type":"ListItem","position":2,"name":"Productos y Servicios"}]},{"@type":"WebSite","@id":"https:\/\/zelaimet.com\/#website","url":"https:\/\/zelaimet.com\/","name":"Zelaimet SL","description":"","publisher":{"@id":"https:\/\/zelaimet.com\/#organization"},"potentialAction":[{"@type":"SearchAction","target":{"@type":"EntryPoint","urlTemplate":"https:\/\/zelaimet.com\/?s={search_term_string}"},"query-input":{"@type":"PropertyValueSpecification","valueRequired":true,"valueName":"search_term_string"}}],"inLanguage":"en-GB"},{"@type":"Organization","@id":"https:\/\/zelaimet.com\/#organization","name":"Zelaimet SL","url":"https:\/\/zelaimet.com\/","logo":{"@type":"ImageObject","inLanguage":"en-GB","@id":"https:\/\/zelaimet.com\/#\/schema\/logo\/image\/","url":"https:\/\/zelaimet.com\/wp-content\/uploads\/2024\/01\/cropped-zelaimet-logo.png","contentUrl":"https:\/\/zelaimet.com\/wp-content\/uploads\/2024\/01\/cropped-zelaimet-logo.png","width":500,"height":276,"caption":"Zelaimet SL"},"image":{"@id":"https:\/\/zelaimet.com\/#\/schema\/logo\/image\/"}}]}},"_links":{"self":[{"href":"https:\/\/zelaimet.com\/en\/wp-json\/wp\/v2\/pages\/444","targetHints":{"allow":["GET"]}}],"collection":[{"href":"https:\/\/zelaimet.com\/en\/wp-json\/wp\/v2\/pages"}],"about":[{"href":"https:\/\/zelaimet.com\/en\/wp-json\/wp\/v2\/types\/page"}],"author":[{"embeddable":true,"href":"https:\/\/zelaimet.com\/en\/wp-json\/wp\/v2\/users\/1"}],"replies":[{"embeddable":true,"href":"https:\/\/zelaimet.com\/en\/wp-json\/wp\/v2\/comments?post=444"}],"version-history":[{"count":49,"href":"https:\/\/zelaimet.com\/en\/wp-json\/wp\/v2\/pages\/444\/revisions"}],"predecessor-version":[{"id":625,"href":"https:\/\/zelaimet.com\/en\/wp-json\/wp\/v2\/pages\/444\/revisions\/625"}],"wp:attachment":[{"href":"https:\/\/zelaimet.com\/en\/wp-json\/wp\/v2\/media?parent=444"}],"curies":[{"name":"wp","href":"https:\/\/api.w.org\/{rel}","templated":true}]}}