{"id":2,"date":"2024-01-08T10:34:52","date_gmt":"2024-01-08T10:34:52","guid":{"rendered":"https:\/\/web4.rkinformatika.net\/zelaimet\/?page_id=2"},"modified":"2024-03-19T12:50:36","modified_gmt":"2024-03-19T12:50:36","slug":"inicio","status":"publish","type":"page","link":"https:\/\/zelaimet.com\/en\/","title":{"rendered":"Inicio"},"content":{"rendered":"<div data-elementor-type=\"wp-page\" data-elementor-id=\"2\" class=\"elementor elementor-2\" data-elementor-post-type=\"page\">\n\t\t\t\t\t\t<section class=\"elementor-section elementor-top-section elementor-element elementor-element-1ce895f7 elementor-section-boxed elementor-section-height-default elementor-section-height-default elementor-invisible\" data-id=\"1ce895f7\" data-element_type=\"section\" data-e-type=\"section\" data-settings=\"{&quot;background_background&quot;:&quot;classic&quot;,&quot;animation&quot;:&quot;fadeIn&quot;}\">\n\t\t\t\t\t\t\t<div class=\"elementor-background-overlay\"><\/div>\n\t\t\t\t\t\t\t<div class=\"elementor-container elementor-column-gap-default\">\n\t\t\t\t\t<div class=\"elementor-column elementor-col-100 elementor-top-column elementor-element elementor-element-39c66288\" data-id=\"39c66288\" data-element_type=\"column\" data-e-type=\"column\">\n\t\t\t<div class=\"elementor-widget-wrap elementor-element-populated\">\n\t\t\t\t\t\t<div class=\"elementor-element elementor-element-f1076e1 elementor-widget elementor-widget-heading\" data-id=\"f1076e1\" data-element_type=\"widget\" data-e-type=\"widget\" data-widget_type=\"heading.default\">\n\t\t\t\t<div class=\"elementor-widget-container\">\n\t\t\t\t\t<h2 class=\"elementor-heading-title elementor-size-default\">Su visi\u00f3n es nuestra misi\u00f3n.<\/h2>\t\t\t\t<\/div>\n\t\t\t\t<\/div>\n\t\t\t\t<div class=\"elementor-element elementor-element-28424e0 elementor-widget elementor-widget-heading\" data-id=\"28424e0\" data-element_type=\"widget\" data-e-type=\"widget\" data-widget_type=\"heading.default\">\n\t\t\t\t<div class=\"elementor-widget-container\">\n\t\t\t\t\t<h2 class=\"elementor-heading-title elementor-size-default\">Potenciando su negocio con soluciones integrales, somos su socio clave en la expansi\u00f3n y fortalecimiento de su presencia en mercados locales e internacionales<\/h2>\t\t\t\t<\/div>\n\t\t\t\t<\/div>\n\t\t\t\t\t<\/div>\n\t\t<\/div>\n\t\t\t\t\t<\/div>\n\t\t<\/section>\n\t\t\t\t<section class=\"elementor-section elementor-top-section elementor-element elementor-element-5ba4090a elementor-section-full_width elementor-reverse-mobile elementor-section-height-default elementor-section-height-default\" data-id=\"5ba4090a\" data-element_type=\"section\" data-e-type=\"section\" data-settings=\"{&quot;background_background&quot;:&quot;classic&quot;}\">\n\t\t\t\t\t\t<div class=\"elementor-container elementor-column-gap-default\">\n\t\t\t\t\t<div class=\"elementor-column elementor-col-50 elementor-top-column elementor-element elementor-element-6bb6916a\" data-id=\"6bb6916a\" data-element_type=\"column\" data-e-type=\"column\">\n\t\t\t<div class=\"elementor-widget-wrap elementor-element-populated\">\n\t\t\t\t\t\t<div class=\"elementor-element elementor-element-6ab42dd1 elementor-invisible elementor-widget elementor-widget-image\" data-id=\"6ab42dd1\" data-element_type=\"widget\" data-e-type=\"widget\" data-settings=\"{&quot;_animation&quot;:&quot;fadeInLeft&quot;}\" data-widget_type=\"image.default\">\n\t\t\t\t<div class=\"elementor-widget-container\">\n\t\t\t\t\t\t\t\t\t\t\t\t\t\t\t<img fetchpriority=\"high\" decoding=\"async\" width=\"2000\" height=\"1331\" src=\"https:\/\/zelaimet.com\/wp-content\/uploads\/2024\/02\/international-cargo-ship-with-containers-cargo-illumination-and-gantry-cranes-at-port.jpg\" class=\"attachment-full size-full wp-image-201\" alt=\"International cargo ship with containers cargo illumination and gantry cranes at port\" srcset=\"https:\/\/zelaimet.com\/wp-content\/uploads\/2024\/02\/international-cargo-ship-with-containers-cargo-illumination-and-gantry-cranes-at-port.jpg 2000w, https:\/\/zelaimet.com\/wp-content\/uploads\/2024\/02\/international-cargo-ship-with-containers-cargo-illumination-and-gantry-cranes-at-port-300x200.jpg 300w, https:\/\/zelaimet.com\/wp-content\/uploads\/2024\/02\/international-cargo-ship-with-containers-cargo-illumination-and-gantry-cranes-at-port-1024x681.jpg 1024w, https:\/\/zelaimet.com\/wp-content\/uploads\/2024\/02\/international-cargo-ship-with-containers-cargo-illumination-and-gantry-cranes-at-port-768x511.jpg 768w, https:\/\/zelaimet.com\/wp-content\/uploads\/2024\/02\/international-cargo-ship-with-containers-cargo-illumination-and-gantry-cranes-at-port-1536x1022.jpg 1536w, https:\/\/zelaimet.com\/wp-content\/uploads\/2024\/02\/international-cargo-ship-with-containers-cargo-illumination-and-gantry-cranes-at-port-18x12.jpg 18w\" sizes=\"(max-width: 2000px) 100vw, 2000px\" \/>\t\t\t\t\t\t\t\t\t\t\t\t\t\t\t<\/div>\n\t\t\t\t<\/div>\n\t\t\t\t\t<\/div>\n\t\t<\/div>\n\t\t\t\t<div class=\"elementor-column elementor-col-50 elementor-top-column elementor-element elementor-element-3635bdbf\" data-id=\"3635bdbf\" data-element_type=\"column\" data-e-type=\"column\">\n\t\t\t<div class=\"elementor-widget-wrap elementor-element-populated\">\n\t\t\t\t\t\t<div class=\"elementor-element elementor-element-b8774e3 elementor-widget elementor-widget-heading\" data-id=\"b8774e3\" data-element_type=\"widget\" data-e-type=\"widget\" data-widget_type=\"heading.default\">\n\t\t\t\t<div class=\"elementor-widget-container\">\n\t\t\t\t\t<h2 class=\"elementor-heading-title elementor-size-default\">\u00bfQu\u00e9 es Zelaimet?<\/h2>\t\t\t\t<\/div>\n\t\t\t\t<\/div>\n\t\t\t\t<div class=\"elementor-element elementor-element-20f7bc6 elementor-invisible elementor-widget elementor-widget-text-editor\" data-id=\"20f7bc6\" data-element_type=\"widget\" data-e-type=\"widget\" data-settings=\"{&quot;_animation&quot;:&quot;fadeInUp&quot;}\" data-widget_type=\"text-editor.default\">\n\t\t\t\t<div class=\"elementor-widget-container\">\n\t\t\t\t\t\t\t\t\t<p>Zelaimet se destaca por ofrecer un servicio completo que abarca desde el suministro de materiales hasta la expansi\u00f3n internacional de su negocio. Nos ocupamos de todo el proceso, incluyendo la facilitaci\u00f3n de financiaci\u00f3n y log\u00edstica, as\u00ed como la diversificaci\u00f3n y asunci\u00f3n de riesgos relacionados con el cr\u00e9dito, pa\u00eds y ejecuci\u00f3n contractual. Nuestro enfoque integral asegura un desarrollo empresarial seguro y eficaz, maximizando su \u00e9xito en el mercado global.<\/p>\t\t\t\t\t\t\t\t<\/div>\n\t\t\t\t<\/div>\n\t\t\t\t\t<\/div>\n\t\t<\/div>\n\t\t\t\t\t<\/div>\n\t\t<\/section>\n\t\t\t\t<section class=\"elementor-section elementor-top-section elementor-element elementor-element-492de14 elementor-section-full_width elementor-section-height-default elementor-section-height-default\" data-id=\"492de14\" data-element_type=\"section\" data-e-type=\"section\" data-settings=\"{&quot;background_background&quot;:&quot;classic&quot;}\">\n\t\t\t\t\t\t<div class=\"elementor-container elementor-column-gap-default\">\n\t\t\t\t\t<div class=\"elementor-column elementor-col-25 elementor-top-column elementor-element elementor-element-5a584a02\" data-id=\"5a584a02\" data-element_type=\"column\" data-e-type=\"column\" data-settings=\"{&quot;background_background&quot;:&quot;classic&quot;}\">\n\t\t\t<div class=\"elementor-widget-wrap elementor-element-populated\">\n\t\t\t\t\t\t<div class=\"elementor-element elementor-element-301dcca elementor-widget-mobile__width-inherit elementor-view-framed elementor-shape-circle elementor-position-block-start elementor-mobile-position-block-start elementor-invisible elementor-widget elementor-widget-icon-box\" data-id=\"301dcca\" data-element_type=\"widget\" data-e-type=\"widget\" data-settings=\"{&quot;_animation&quot;:&quot;fadeIn&quot;}\" data-widget_type=\"icon-box.default\">\n\t\t\t\t<div class=\"elementor-widget-container\">\n\t\t\t\t\t\t\t<div class=\"elementor-icon-box-wrapper\">\n\n\t\t\t\t\t\t<div class=\"elementor-icon-box-icon\">\n\t\t\t\t<a href=\"#\" class=\"elementor-icon elementor-animation-float\" tabindex=\"-1\" aria-label=\"Localizaci\u00f3n de proveedores\/clientes de los productos a precios competitivos.\">\n\t\t\t\t<i aria-hidden=\"true\" class=\"icon icon-search\"><\/i>\t\t\t\t<\/a>\n\t\t\t<\/div>\n\t\t\t\n\t\t\t\t\t\t<div class=\"elementor-icon-box-content\">\n\n\t\t\t\t\t\t\t\t\t<h5 class=\"elementor-icon-box-title\">\n\t\t\t\t\t\t<a href=\"#\" >\n\t\t\t\t\t\t\tLocalizaci\u00f3n de proveedores\/clientes de los productos a precios competitivos.\t\t\t\t\t\t<\/a>\n\t\t\t\t\t<\/h5>\n\t\t\t\t\n\t\t\t\t\n\t\t\t<\/div>\n\t\t\t\n\t\t<\/div>\n\t\t\t\t\t\t<\/div>\n\t\t\t\t<\/div>\n\t\t\t\t\t<\/div>\n\t\t<\/div>\n\t\t\t\t<div class=\"elementor-column elementor-col-25 elementor-top-column elementor-element elementor-element-a072dbd\" data-id=\"a072dbd\" data-element_type=\"column\" data-e-type=\"column\" data-settings=\"{&quot;background_background&quot;:&quot;classic&quot;}\">\n\t\t\t<div class=\"elementor-widget-wrap elementor-element-populated\">\n\t\t\t\t\t\t<div class=\"elementor-element elementor-element-96494f7 elementor-widget-mobile__width-inherit elementor-view-framed elementor-shape-circle elementor-position-block-start elementor-mobile-position-block-start elementor-invisible elementor-widget elementor-widget-icon-box\" data-id=\"96494f7\" data-element_type=\"widget\" data-e-type=\"widget\" data-settings=\"{&quot;_animation&quot;:&quot;fadeIn&quot;}\" data-widget_type=\"icon-box.default\">\n\t\t\t\t<div class=\"elementor-widget-container\">\n\t\t\t\t\t\t\t<div class=\"elementor-icon-box-wrapper\">\n\n\t\t\t\t\t\t<div class=\"elementor-icon-box-icon\">\n\t\t\t\t<a href=\"#\" class=\"elementor-icon elementor-animation-float\" tabindex=\"-1\" aria-label=\"Negociaci\u00f3n de las condiciones de venta y entrega de los productos.\">\n\t\t\t\t<i aria-hidden=\"true\" class=\"icon icon-handshake\"><\/i>\t\t\t\t<\/a>\n\t\t\t<\/div>\n\t\t\t\n\t\t\t\t\t\t<div class=\"elementor-icon-box-content\">\n\n\t\t\t\t\t\t\t\t\t<h5 class=\"elementor-icon-box-title\">\n\t\t\t\t\t\t<a href=\"#\" >\n\t\t\t\t\t\t\tNegociaci\u00f3n de las condiciones de venta y entrega de los productos.\t\t\t\t\t\t<\/a>\n\t\t\t\t\t<\/h5>\n\t\t\t\t\n\t\t\t\t\n\t\t\t<\/div>\n\t\t\t\n\t\t<\/div>\n\t\t\t\t\t\t<\/div>\n\t\t\t\t<\/div>\n\t\t\t\t\t<\/div>\n\t\t<\/div>\n\t\t\t\t<div class=\"elementor-column elementor-col-25 elementor-top-column elementor-element elementor-element-790de95\" data-id=\"790de95\" data-element_type=\"column\" data-e-type=\"column\" data-settings=\"{&quot;background_background&quot;:&quot;classic&quot;}\">\n\t\t\t<div class=\"elementor-widget-wrap elementor-element-populated\">\n\t\t\t\t\t\t<div class=\"elementor-element elementor-element-c839e8d elementor-widget-mobile__width-inherit elementor-view-framed elementor-shape-circle elementor-position-block-start elementor-mobile-position-block-start elementor-invisible elementor-widget elementor-widget-icon-box\" data-id=\"c839e8d\" data-element_type=\"widget\" data-e-type=\"widget\" data-settings=\"{&quot;_animation&quot;:&quot;fadeIn&quot;}\" data-widget_type=\"icon-box.default\">\n\t\t\t\t<div class=\"elementor-widget-container\">\n\t\t\t\t\t\t\t<div class=\"elementor-icon-box-wrapper\">\n\n\t\t\t\t\t\t<div class=\"elementor-icon-box-icon\">\n\t\t\t\t<a href=\"#\" class=\"elementor-icon elementor-animation-float\" tabindex=\"-1\" aria-label=\"Aseguramiento del cobro y el pago entre el vendedor y el comprador.\">\n\t\t\t\t<i aria-hidden=\"true\" class=\"icon icon-save-money\"><\/i>\t\t\t\t<\/a>\n\t\t\t<\/div>\n\t\t\t\n\t\t\t\t\t\t<div class=\"elementor-icon-box-content\">\n\n\t\t\t\t\t\t\t\t\t<h5 class=\"elementor-icon-box-title\">\n\t\t\t\t\t\t<a href=\"#\" >\n\t\t\t\t\t\t\tAseguramiento del cobro y el pago entre el vendedor y el comprador.\t\t\t\t\t\t<\/a>\n\t\t\t\t\t<\/h5>\n\t\t\t\t\n\t\t\t\t\n\t\t\t<\/div>\n\t\t\t\n\t\t<\/div>\n\t\t\t\t\t\t<\/div>\n\t\t\t\t<\/div>\n\t\t\t\t\t<\/div>\n\t\t<\/div>\n\t\t\t\t<div class=\"elementor-column elementor-col-25 elementor-top-column elementor-element elementor-element-94d113e\" data-id=\"94d113e\" data-element_type=\"column\" data-e-type=\"column\">\n\t\t\t<div class=\"elementor-widget-wrap elementor-element-populated\">\n\t\t\t\t\t\t<div class=\"elementor-element elementor-element-24482cc elementor-widget-mobile__width-inherit elementor-view-framed elementor-shape-circle elementor-position-block-start elementor-mobile-position-block-start elementor-invisible elementor-widget elementor-widget-icon-box\" data-id=\"24482cc\" data-element_type=\"widget\" data-e-type=\"widget\" data-settings=\"{&quot;_animation&quot;:&quot;fadeIn&quot;}\" data-widget_type=\"icon-box.default\">\n\t\t\t\t<div class=\"elementor-widget-container\">\n\t\t\t\t\t\t\t<div class=\"elementor-icon-box-wrapper\">\n\n\t\t\t\t\t\t<div class=\"elementor-icon-box-icon\">\n\t\t\t\t<a href=\"#\" class=\"elementor-icon elementor-animation-float\" tabindex=\"-1\" aria-label=\"Gestion de la log\u00edstica, aduanas y documentaci\u00f3n necesaria para la operaci\u00f3n.\">\n\t\t\t\t<svg aria-hidden=\"true\" class=\"e-font-icon-svg e-fas-clipboard-list\" viewbox=\"0 0 384 512\" xmlns=\"http:\/\/www.w3.org\/2000\/svg\"><path d=\"M336 64h-80c0-35.3-28.7-64-64-64s-64 28.7-64 64H48C21.5 64 0 85.5 0 112v352c0 26.5 21.5 48 48 48h288c26.5 0 48-21.5 48-48V112c0-26.5-21.5-48-48-48zM96 424c-13.3 0-24-10.7-24-24s10.7-24 24-24 24 10.7 24 24-10.7 24-24 24zm0-96c-13.3 0-24-10.7-24-24s10.7-24 24-24 24 10.7 24 24-10.7 24-24 24zm0-96c-13.3 0-24-10.7-24-24s10.7-24 24-24 24 10.7 24 24-10.7 24-24 24zm96-192c13.3 0 24 10.7 24 24s-10.7 24-24 24-24-10.7-24-24 10.7-24 24-24zm128 368c0 4.4-3.6 8-8 8H168c-4.4 0-8-3.6-8-8v-16c0-4.4 3.6-8 8-8h144c4.4 0 8 3.6 8 8v16zm0-96c0 4.4-3.6 8-8 8H168c-4.4 0-8-3.6-8-8v-16c0-4.4 3.6-8 8-8h144c4.4 0 8 3.6 8 8v16zm0-96c0 4.4-3.6 8-8 8H168c-4.4 0-8-3.6-8-8v-16c0-4.4 3.6-8 8-8h144c4.4 0 8 3.6 8 8v16z\"><\/path><\/svg>\t\t\t\t<\/a>\n\t\t\t<\/div>\n\t\t\t\n\t\t\t\t\t\t<div class=\"elementor-icon-box-content\">\n\n\t\t\t\t\t\t\t\t\t<h5 class=\"elementor-icon-box-title\">\n\t\t\t\t\t\t<a href=\"#\" >\n\t\t\t\t\t\t\tGestion de la log\u00edstica, aduanas y documentaci\u00f3n necesaria para la operaci\u00f3n.\t\t\t\t\t\t<\/a>\n\t\t\t\t\t<\/h5>\n\t\t\t\t\n\t\t\t\t\n\t\t\t<\/div>\n\t\t\t\n\t\t<\/div>\n\t\t\t\t\t\t<\/div>\n\t\t\t\t<\/div>\n\t\t\t\t\t<\/div>\n\t\t<\/div>\n\t\t\t\t\t<\/div>\n\t\t<\/section>\n\t\t\t\t<section class=\"elementor-section elementor-top-section elementor-element elementor-element-3e3e9b83 elementor-section-full_width elementor-section-height-default elementor-section-height-default\" data-id=\"3e3e9b83\" data-element_type=\"section\" data-e-type=\"section\" data-settings=\"{&quot;background_background&quot;:&quot;classic&quot;}\">\n\t\t\t\t\t\t<div class=\"elementor-container elementor-column-gap-default\">\n\t\t\t\t\t<div class=\"elementor-column elementor-col-50 elementor-top-column elementor-element elementor-element-40245bd2\" data-id=\"40245bd2\" data-element_type=\"column\" data-e-type=\"column\" data-settings=\"{&quot;background_background&quot;:&quot;classic&quot;}\">\n\t\t\t<div class=\"elementor-widget-wrap elementor-element-populated\">\n\t\t\t\t\t\t<div class=\"elementor-element elementor-element-75ede54 elementor-widget elementor-widget-heading\" data-id=\"75ede54\" data-element_type=\"widget\" data-e-type=\"widget\" data-widget_type=\"heading.default\">\n\t\t\t\t<div class=\"elementor-widget-container\">\n\t\t\t\t\t<h2 class=\"elementor-heading-title elementor-size-default\">Valor<\/h2>\t\t\t\t<\/div>\n\t\t\t\t<\/div>\n\t\t\t\t<div class=\"elementor-element elementor-element-40de733 elementor-invisible elementor-widget elementor-widget-text-editor\" data-id=\"40de733\" data-element_type=\"widget\" data-e-type=\"widget\" data-settings=\"{&quot;_animation&quot;:&quot;fadeInUp&quot;}\" data-widget_type=\"text-editor.default\">\n\t\t\t\t<div class=\"elementor-widget-container\">\n\t\t\t\t\t\t\t\t\t<p>En Zelaimet, nos esforzamos por garantizar la m\u00e1xima calidad y eficacia, cumpliendo con las expectativas y regulaciones. Nuestra dedicaci\u00f3n a convertir sus objetivos en logros define nuestra esencia: su visi\u00f3n gu\u00eda nuestra misi\u00f3n. Trabajamos codo a codo con usted para facilitar su \u00e9xito en el escenario comercial global.<\/p>\t\t\t\t\t\t\t\t<\/div>\n\t\t\t\t<\/div>\n\t\t\t\t\t<\/div>\n\t\t<\/div>\n\t\t\t\t<div class=\"elementor-column elementor-col-50 elementor-top-column elementor-element elementor-element-5acae87e\" data-id=\"5acae87e\" data-element_type=\"column\" data-e-type=\"column\">\n\t\t\t<div class=\"elementor-widget-wrap elementor-element-populated\">\n\t\t\t\t\t\t<div class=\"elementor-element elementor-element-198b0a25 elementor-widget elementor-widget-image\" data-id=\"198b0a25\" data-element_type=\"widget\" data-e-type=\"widget\" data-widget_type=\"image.default\">\n\t\t\t\t<div class=\"elementor-widget-container\">\n\t\t\t\t\t\t\t\t\t\t\t\t\t\t\t<img decoding=\"async\" width=\"2000\" height=\"1333\" src=\"https:\/\/zelaimet.com\/wp-content\/uploads\/2024\/02\/office-work.jpg\" class=\"attachment-full size-full wp-image-319\" alt=\"Office Work\" srcset=\"https:\/\/zelaimet.com\/wp-content\/uploads\/2024\/02\/office-work.jpg 2000w, https:\/\/zelaimet.com\/wp-content\/uploads\/2024\/02\/office-work-300x200.jpg 300w, https:\/\/zelaimet.com\/wp-content\/uploads\/2024\/02\/office-work-1024x682.jpg 1024w, https:\/\/zelaimet.com\/wp-content\/uploads\/2024\/02\/office-work-768x512.jpg 768w, https:\/\/zelaimet.com\/wp-content\/uploads\/2024\/02\/office-work-1536x1024.jpg 1536w, https:\/\/zelaimet.com\/wp-content\/uploads\/2024\/02\/office-work-18x12.jpg 18w\" sizes=\"(max-width: 2000px) 100vw, 2000px\" \/>\t\t\t\t\t\t\t\t\t\t\t\t\t\t\t<\/div>\n\t\t\t\t<\/div>\n\t\t\t\t\t<\/div>\n\t\t<\/div>\n\t\t\t\t\t<\/div>\n\t\t<\/section>\n\t\t\t\t<\/div>","protected":false},"excerpt":{"rendered":"<p>Su visi\u00f3n es nuestra misi\u00f3n. Potenciando su negocio con soluciones integrales, somos su socio clave en la expansi\u00f3n y fortalecimiento de su presencia en mercados locales e internacionales \u00bfQu\u00e9 es Zelaimet? Zelaimet se destaca por ofrecer un servicio completo que abarca desde el suministro de materiales hasta la expansi\u00f3n internacional de su negocio. Nos ocupamos [&hellip;]<\/p>\n","protected":false},"author":1,"featured_media":0,"parent":0,"menu_order":0,"comment_status":"closed","ping_status":"closed","template":"elementor_canvas","meta":{"footnotes":""},"class_list":["post-2","page","type-page","status-publish","hentry"],"yoast_head":"<!-- This site is optimized with the Yoast SEO plugin v27.4 - https:\/\/yoast.com\/product\/yoast-seo-wordpress\/ -->\n<title>Inicio - Zelaimet SL<\/title>\n<meta name=\"robots\" content=\"noindex, follow, max-snippet:-1, max-image-preview:large, max-video-preview:-1\" \/>\n<meta property=\"og:locale\" content=\"en_GB\" \/>\n<meta property=\"og:type\" content=\"article\" \/>\n<meta property=\"og:title\" content=\"Inicio - Zelaimet SL\" \/>\n<meta property=\"og:description\" content=\"Su visi\u00f3n es nuestra misi\u00f3n. Potenciando su negocio con soluciones integrales, somos su socio clave en la expansi\u00f3n y fortalecimiento de su presencia en mercados locales e internacionales \u00bfQu\u00e9 es Zelaimet? Zelaimet se destaca por ofrecer un servicio completo que abarca desde el suministro de materiales hasta la expansi\u00f3n internacional de su negocio. Nos ocupamos [&hellip;]\" \/>\n<meta property=\"og:url\" content=\"https:\/\/zelaimet.com\/en\/\" \/>\n<meta property=\"og:site_name\" content=\"Zelaimet SL\" \/>\n<meta property=\"article:modified_time\" content=\"2024-03-19T12:50:36+00:00\" \/>\n<meta property=\"og:image\" content=\"https:\/\/zelaimet.com\/wp-content\/uploads\/2024\/02\/international-cargo-ship-with-containers-cargo-illumination-and-gantry-cranes-at-port.jpg\" \/>\n<meta name=\"twitter:card\" content=\"summary_large_image\" \/>\n<meta name=\"twitter:label1\" content=\"Estimated reading time\" \/>\n\t<meta name=\"twitter:data1\" content=\"2 minutes\" \/>\n<script type=\"application\/ld+json\" class=\"yoast-schema-graph\">{\"@context\":\"https:\\\/\\\/schema.org\",\"@graph\":[{\"@type\":\"WebPage\",\"@id\":\"https:\\\/\\\/zelaimet.com\\\/\",\"url\":\"https:\\\/\\\/zelaimet.com\\\/\",\"name\":\"Inicio - Zelaimet SL\",\"isPartOf\":{\"@id\":\"https:\\\/\\\/zelaimet.com\\\/#website\"},\"primaryImageOfPage\":{\"@id\":\"https:\\\/\\\/zelaimet.com\\\/#primaryimage\"},\"image\":{\"@id\":\"https:\\\/\\\/zelaimet.com\\\/#primaryimage\"},\"thumbnailUrl\":\"https:\\\/\\\/zelaimet.com\\\/wp-content\\\/uploads\\\/2024\\\/02\\\/international-cargo-ship-with-containers-cargo-illumination-and-gantry-cranes-at-port.jpg\",\"datePublished\":\"2024-01-08T10:34:52+00:00\",\"dateModified\":\"2024-03-19T12:50:36+00:00\",\"breadcrumb\":{\"@id\":\"https:\\\/\\\/zelaimet.com\\\/#breadcrumb\"},\"inLanguage\":\"en-GB\",\"potentialAction\":[{\"@type\":\"ReadAction\",\"target\":[\"https:\\\/\\\/zelaimet.com\\\/\"]}]},{\"@type\":\"ImageObject\",\"inLanguage\":\"en-GB\",\"@id\":\"https:\\\/\\\/zelaimet.com\\\/#primaryimage\",\"url\":\"https:\\\/\\\/zelaimet.com\\\/wp-content\\\/uploads\\\/2024\\\/02\\\/international-cargo-ship-with-containers-cargo-illumination-and-gantry-cranes-at-port.jpg\",\"contentUrl\":\"https:\\\/\\\/zelaimet.com\\\/wp-content\\\/uploads\\\/2024\\\/02\\\/international-cargo-ship-with-containers-cargo-illumination-and-gantry-cranes-at-port.jpg\"},{\"@type\":\"BreadcrumbList\",\"@id\":\"https:\\\/\\\/zelaimet.com\\\/#breadcrumb\",\"itemListElement\":[{\"@type\":\"ListItem\",\"position\":1,\"name\":\"Portada\",\"item\":\"https:\\\/\\\/zelaimet.com\\\/\"},{\"@type\":\"ListItem\",\"position\":2,\"name\":\"Inicio\"}]},{\"@type\":\"WebSite\",\"@id\":\"https:\\\/\\\/zelaimet.com\\\/#website\",\"url\":\"https:\\\/\\\/zelaimet.com\\\/\",\"name\":\"Zelaimet SL\",\"description\":\"\",\"publisher\":{\"@id\":\"https:\\\/\\\/zelaimet.com\\\/#organization\"},\"potentialAction\":[{\"@type\":\"SearchAction\",\"target\":{\"@type\":\"EntryPoint\",\"urlTemplate\":\"https:\\\/\\\/zelaimet.com\\\/?s={search_term_string}\"},\"query-input\":{\"@type\":\"PropertyValueSpecification\",\"valueRequired\":true,\"valueName\":\"search_term_string\"}}],\"inLanguage\":\"en-GB\"},{\"@type\":\"Organization\",\"@id\":\"https:\\\/\\\/zelaimet.com\\\/#organization\",\"name\":\"Zelaimet SL\",\"url\":\"https:\\\/\\\/zelaimet.com\\\/\",\"logo\":{\"@type\":\"ImageObject\",\"inLanguage\":\"en-GB\",\"@id\":\"https:\\\/\\\/zelaimet.com\\\/#\\\/schema\\\/logo\\\/image\\\/\",\"url\":\"https:\\\/\\\/zelaimet.com\\\/wp-content\\\/uploads\\\/2024\\\/01\\\/cropped-zelaimet-logo.png\",\"contentUrl\":\"https:\\\/\\\/zelaimet.com\\\/wp-content\\\/uploads\\\/2024\\\/01\\\/cropped-zelaimet-logo.png\",\"width\":500,\"height\":276,\"caption\":\"Zelaimet SL\"},\"image\":{\"@id\":\"https:\\\/\\\/zelaimet.com\\\/#\\\/schema\\\/logo\\\/image\\\/\"}}]}<\/script>\n<!-- \/ Yoast SEO plugin. -->","yoast_head_json":{"title":"Inicio - Zelaimet SL","robots":{"index":"noindex","follow":"follow","max-snippet":"max-snippet:-1","max-image-preview":"max-image-preview:large","max-video-preview":"max-video-preview:-1"},"og_locale":"en_GB","og_type":"article","og_title":"Inicio - Zelaimet SL","og_description":"Su visi\u00f3n es nuestra misi\u00f3n. Potenciando su negocio con soluciones integrales, somos su socio clave en la expansi\u00f3n y fortalecimiento de su presencia en mercados locales e internacionales \u00bfQu\u00e9 es Zelaimet? Zelaimet se destaca por ofrecer un servicio completo que abarca desde el suministro de materiales hasta la expansi\u00f3n internacional de su negocio. Nos ocupamos [&hellip;]","og_url":"https:\/\/zelaimet.com\/en\/","og_site_name":"Zelaimet SL","article_modified_time":"2024-03-19T12:50:36+00:00","og_image":[{"url":"https:\/\/zelaimet.com\/wp-content\/uploads\/2024\/02\/international-cargo-ship-with-containers-cargo-illumination-and-gantry-cranes-at-port.jpg","type":"","width":"","height":""}],"twitter_card":"summary_large_image","twitter_misc":{"Estimated reading time":"2 minutes"},"schema":{"@context":"https:\/\/schema.org","@graph":[{"@type":"WebPage","@id":"https:\/\/zelaimet.com\/","url":"https:\/\/zelaimet.com\/","name":"Inicio - Zelaimet SL","isPartOf":{"@id":"https:\/\/zelaimet.com\/#website"},"primaryImageOfPage":{"@id":"https:\/\/zelaimet.com\/#primaryimage"},"image":{"@id":"https:\/\/zelaimet.com\/#primaryimage"},"thumbnailUrl":"https:\/\/zelaimet.com\/wp-content\/uploads\/2024\/02\/international-cargo-ship-with-containers-cargo-illumination-and-gantry-cranes-at-port.jpg","datePublished":"2024-01-08T10:34:52+00:00","dateModified":"2024-03-19T12:50:36+00:00","breadcrumb":{"@id":"https:\/\/zelaimet.com\/#breadcrumb"},"inLanguage":"en-GB","potentialAction":[{"@type":"ReadAction","target":["https:\/\/zelaimet.com\/"]}]},{"@type":"ImageObject","inLanguage":"en-GB","@id":"https:\/\/zelaimet.com\/#primaryimage","url":"https:\/\/zelaimet.com\/wp-content\/uploads\/2024\/02\/international-cargo-ship-with-containers-cargo-illumination-and-gantry-cranes-at-port.jpg","contentUrl":"https:\/\/zelaimet.com\/wp-content\/uploads\/2024\/02\/international-cargo-ship-with-containers-cargo-illumination-and-gantry-cranes-at-port.jpg"},{"@type":"BreadcrumbList","@id":"https:\/\/zelaimet.com\/#breadcrumb","itemListElement":[{"@type":"ListItem","position":1,"name":"Portada","item":"https:\/\/zelaimet.com\/"},{"@type":"ListItem","position":2,"name":"Inicio"}]},{"@type":"WebSite","@id":"https:\/\/zelaimet.com\/#website","url":"https:\/\/zelaimet.com\/","name":"Zelaimet SL","description":"","publisher":{"@id":"https:\/\/zelaimet.com\/#organization"},"potentialAction":[{"@type":"SearchAction","target":{"@type":"EntryPoint","urlTemplate":"https:\/\/zelaimet.com\/?s={search_term_string}"},"query-input":{"@type":"PropertyValueSpecification","valueRequired":true,"valueName":"search_term_string"}}],"inLanguage":"en-GB"},{"@type":"Organization","@id":"https:\/\/zelaimet.com\/#organization","name":"Zelaimet SL","url":"https:\/\/zelaimet.com\/","logo":{"@type":"ImageObject","inLanguage":"en-GB","@id":"https:\/\/zelaimet.com\/#\/schema\/logo\/image\/","url":"https:\/\/zelaimet.com\/wp-content\/uploads\/2024\/01\/cropped-zelaimet-logo.png","contentUrl":"https:\/\/zelaimet.com\/wp-content\/uploads\/2024\/01\/cropped-zelaimet-logo.png","width":500,"height":276,"caption":"Zelaimet SL"},"image":{"@id":"https:\/\/zelaimet.com\/#\/schema\/logo\/image\/"}}]}},"_links":{"self":[{"href":"https:\/\/zelaimet.com\/en\/wp-json\/wp\/v2\/pages\/2","targetHints":{"allow":["GET"]}}],"collection":[{"href":"https:\/\/zelaimet.com\/en\/wp-json\/wp\/v2\/pages"}],"about":[{"href":"https:\/\/zelaimet.com\/en\/wp-json\/wp\/v2\/types\/page"}],"author":[{"embeddable":true,"href":"https:\/\/zelaimet.com\/en\/wp-json\/wp\/v2\/users\/1"}],"replies":[{"embeddable":true,"href":"https:\/\/zelaimet.com\/en\/wp-json\/wp\/v2\/comments?post=2"}],"version-history":[{"count":109,"href":"https:\/\/zelaimet.com\/en\/wp-json\/wp\/v2\/pages\/2\/revisions"}],"predecessor-version":[{"id":647,"href":"https:\/\/zelaimet.com\/en\/wp-json\/wp\/v2\/pages\/2\/revisions\/647"}],"wp:attachment":[{"href":"https:\/\/zelaimet.com\/en\/wp-json\/wp\/v2\/media?parent=2"}],"curies":[{"name":"wp","href":"https:\/\/api.w.org\/{rel}","templated":true}]}}